{"id":806,"date":"2025-12-31T19:51:32","date_gmt":"2025-12-31T19:51:32","guid":{"rendered":"https:\/\/web58.tcparisnanterre.fr\/?page_id=806"},"modified":"2026-01-08T01:01:44","modified_gmt":"2026-01-08T01:01:44","slug":"floflo","status":"publish","type":"page","link":"https:\/\/web58.tcparisnanterre.fr\/index.php\/floflo\/","title":{"rendered":"FloFlo"},"content":{"rendered":"\t\t<div data-elementor-type=\"wp-page\" data-elementor-id=\"806\" class=\"elementor elementor-806\" data-elementor-settings=\"{&quot;ha_cmc_init_switcher&quot;:&quot;no&quot;}\" data-elementor-post-type=\"page\">\n\t\t\t\t<div class=\"elementor-element elementor-element-4e48c95 e-flex e-con-boxed e-con e-parent\" data-id=\"4e48c95\" data-element_type=\"container\" data-settings=\"{&quot;_ha_eqh_enable&quot;:false}\">\n\t\t\t\t\t<div class=\"e-con-inner\">\n\t\t<div class=\"elementor-element elementor-element-c3dbb9d e-con-full e-flex e-con e-child\" data-id=\"c3dbb9d\" data-element_type=\"container\" data-settings=\"{&quot;background_background&quot;:&quot;classic&quot;,&quot;_ha_eqh_enable&quot;:false}\">\n\t\t<div class=\"elementor-element elementor-element-1f9741e e-con-full e-flex e-con e-child\" data-id=\"1f9741e\" data-element_type=\"container\" data-settings=\"{&quot;_ha_eqh_enable&quot;:false}\">\n\t\t\t\t<div class=\"elementor-element elementor-element-30fb313 elementor-widget elementor-widget-ucaddon_uc_grid_image_theme\" data-id=\"30fb313\" data-element_type=\"widget\" data-widget_type=\"ucaddon_uc_grid_image_theme.default\">\n\t\t\t\t<div class=\"elementor-widget-container\">\n\t\t\t\t\t\n<!-- start Grid Gallery -->\n\t\t<link id='font-awesome-css' href='https:\/\/web58.tcparisnanterre.fr\/wp-content\/plugins\/unlimited-elements-for-elementor-premium\/assets_libraries\/font-awesome6\/fontawesome-all.min.css' type='text\/css' rel='stylesheet' >\n\t\t<link id='font-awesome-4-shim-css' href='https:\/\/web58.tcparisnanterre.fr\/wp-content\/plugins\/unlimited-elements-for-elementor-premium\/assets_libraries\/font-awesome6\/fontawesome-v4-shims.min.css' type='text\/css' rel='stylesheet' >\n\t\t<link id='unitegallery-css' href='https:\/\/web58.tcparisnanterre.fr\/wp-content\/plugins\/unlimited-elements-for-elementor-premium\/assets_libraries\/unitegallery\/css\/unite-gallery.css' type='text\/css' rel='stylesheet' >\n\t\t<link id='fancybox-css' href='https:\/\/web58.tcparisnanterre.fr\/wp-content\/plugins\/unlimited-elements-for-elementor-premium\/assets_libraries\/fancybox3\/jquery.fancybox.min.css' type='text\/css' rel='stylesheet' >\n\n<style>\/* widget: Grid Gallery *\/\n\n#uc_uc_grid_image_theme_elementor_30fb313-wrapper{\n  min-height: 1px;\n}\n\n#uc_uc_grid_image_theme_elementor_30fb313{ \n  margin:0 auto;\n  display: none;\n}\n\n.elementor-widget-ucaddon_uc_grid_image_theme{\n  width:100%;\n}\n\n\/* protections *\/\n#uc_uc_grid_image_theme_elementor_30fb313 .ug-zoompanel.ug-skin-default .ug-zoompanel-button:first-child{\n  margin-top: 0;\n}\n\/* end rotections *\/\n\/* fancybox *\/\n\/* endfancybox *\/\n\n<\/style>\n\n<div id=\"uc_uc_grid_image_theme_elementor_30fb313-wrapper\">\n  <div id=\"uc_uc_grid_image_theme_elementor_30fb313\" class=\"uc-items-wrapper  \"  data-remote-type=\"gallery\" data-custom-sethtml=\"true\" >\n    \n<img decoding=\"async\" alt=\"IMG_1370\"\n   src=\"https:\/\/web58.tcparisnanterre.fr\/wp-content\/uploads\/2026\/01\/IMG_1370-768x1024.jpeg\"\n    data-image=\"https:\/\/web58.tcparisnanterre.fr\/wp-content\/uploads\/2026\/01\/IMG_1370-768x1024.jpeg\"\n    data-title=\"IMG_1370\">\n\n<img decoding=\"async\" alt=\"IMG_1369\"\n   src=\"https:\/\/web58.tcparisnanterre.fr\/wp-content\/uploads\/2026\/01\/IMG_1369-e1767653540825-768x855.jpeg\"\n    data-image=\"https:\/\/web58.tcparisnanterre.fr\/wp-content\/uploads\/2026\/01\/IMG_1369-e1767653540825-919x1024.jpeg\"\n    data-title=\"IMG_1369\">\n\n  <\/div>\n<\/div>\n<!-- end Grid Gallery -->\t\t\t\t<\/div>\n\t\t\t\t<\/div>\n\t\t\t\t<\/div>\n\t\t<div class=\"elementor-element elementor-element-418f935 e-con-full e-flex e-con e-child\" data-id=\"418f935\" data-element_type=\"container\" data-settings=\"{&quot;_ha_eqh_enable&quot;:false}\">\n\t\t\t\t<div class=\"elementor-element elementor-element-8104bbd elementor-widget elementor-widget-heading\" data-id=\"8104bbd\" data-element_type=\"widget\" data-widget_type=\"heading.default\">\n\t\t\t\t\t<h2 class=\"elementor-heading-title elementor-size-default\">Florence Delacroix<\/h2>\t\t\t\t<\/div>\n\t\t\t\t<div class=\"elementor-element elementor-element-9c32bf4 elementor-widget elementor-widget-heading\" data-id=\"9c32bf4\" data-element_type=\"widget\" data-widget_type=\"heading.default\">\n\t\t\t\t\t<h2 class=\"elementor-heading-title elementor-size-default\">Glow, caf\u00e9ine et petites gal\u00e8res. FloFlo.<\/h2>\t\t\t\t<\/div>\n\t\t\t\t<div class=\"elementor-element elementor-element-84d4fc5 elementor-widget elementor-widget-spacer\" data-id=\"84d4fc5\" data-element_type=\"widget\" data-widget_type=\"spacer.default\">\n\t\t\t\t\t\t\t<div class=\"elementor-spacer\">\n\t\t\t<div class=\"elementor-spacer-inner\"><\/div>\n\t\t<\/div>\n\t\t\t\t\t\t<\/div>\n\t\t\t\t<div class=\"elementor-element elementor-element-c732d6d elementor-widget elementor-widget-text-editor\" data-id=\"c732d6d\" data-element_type=\"widget\" data-widget_type=\"text-editor.default\">\n\t\t\t\t\t\t\t\t\t<p>Passionn\u00e9e par la beaut\u00e9 et le lifestyle, je partage astuces make-up, routines skincare et d\u00e9couvertes produits, avec authenticit\u00e9 et bonne humeur. Ici, pas de filtres inutiles, juste des conseils pratiques et fun pour se sentir bien au quotidien.<\/p><p>Entre tutoriels, anecdotes et coups de c\u0153ur, je d\u00e9crypte le monde de la beaut\u00e9 avec humour et l\u00e9g\u00e8ret\u00e9. Mon but : inspirer, informer et surtout donner le sourire \u00e0 celles et ceux qui me suivent.<\/p>\t\t\t\t\t\t\t\t<\/div>\n\t\t\t\t<div class=\"elementor-element elementor-element-b9de9cd elementor-widget elementor-widget-ucaddon_stacked_icons\" data-id=\"b9de9cd\" data-element_type=\"widget\" data-widget_type=\"ucaddon_stacked_icons.default\">\n\t\t\t\t<div class=\"elementor-widget-container\">\n\t\t\t\t\t\n<!-- start Stacked Icons -->\n\n<style>\/* widget: Stacked Icons *\/\n\n#uc_stacked_icons_elementor_b9de9cd.image-stack-container{\n\tdisplay: flex;\n}\n\n#uc_stacked_icons_elementor_b9de9cd .stacked-icon {\n    position: relative;\n    text-decoration: none;\n    line-height: 100%;\n    transition: all 0.3s ease;\n  \tdisplay: inline-flex;\n  \talign-items: center;\n  \tjustify-content: center;\n}\n\n#uc_stacked_icons_elementor_b9de9cd .stacked-icon i {\n    display: flex;\n    overflow: hidden;\n    justify-content: center;\n    transition: all 0.4s cubic-bezier(0.165, 0.84, 0.44, 1);\n    object-fit: cover;\n}\n\n#uc_stacked_icons_elementor_b9de9cd .stacked-icon img{\n    display: flex;\n    overflow: hidden;\n    justify-content: center;\n    transition: all 0.4s cubic-bezier(0.165, 0.84, 0.44, 1);\n  \tobject-fit: cover;\n}\n\n\n#uc_stacked_icons_elementor_b9de9cd [tooltip] {\n    position: relative;\n}\n\n#uc_stacked_icons_elementor_b9de9cd [tooltip]::after,\n#uc_stacked_icons_elementor_b9de9cd [tooltip]::before {\n    position: absolute;\n    display: none;\n    text-transform: none;\n    line-height: 1;\n    opacity: 0;\n    pointer-events: none;\n    user-select: none;\n}\n\n#uc_stacked_icons_elementor_b9de9cd [tooltip]:hover::after,\n#uc_stacked_icons_elementor_b9de9cd [tooltip]:hover::before,\n#uc_stacked_icons_elementor_b9de9cd [tooltip]:focus::after,\n#uc_stacked_icons_elementor_b9de9cd [tooltip]:focus::before{\n    display: block;\n}\n\n#uc_stacked_icons_elementor_b9de9cd [tooltip=\"\"]::after,\n#uc_stacked_icons_elementor_b9de9cd [tooltip=\"\"]::before {\n    display: none !important;\n}\n\n#uc_stacked_icons_elementor_b9de9cd [tooltip]::after,\n#uc_stacked_icons_elementor_b9de9cd [tooltip]::before {\n    left: 50%;\n    transform: translate(-50%, -0.5em);\n}\n\n#uc_stacked_icons_elementor_b9de9cd [tooltip]:hover::after,\n#uc_stacked_icons_elementor_b9de9cd [tooltip]:hover::before,\n#uc_stacked_icons_elementor_b9de9cd [tooltip]:focus::after,\n#uc_stacked_icons_elementor_b9de9cd [tooltip]:focus::before{\n    animation: tooltip-animate 300ms ease-out forwards;\n}\n\n\t#uc_stacked_icons_elementor_b9de9cd [tooltip]::before {\n        z-index: 1001;\n        border: 5px solid transparent;\n        content: \"\";\n        bottom: 101%;\n        border-bottom-width: 0;\n    }\n\n  #uc_stacked_icons_elementor_b9de9cd [tooltip]::after {\n      z-index: 1000;\n      overflow: hidden;\n      min-width: 3em;\n      max-width: 21em;\n      box-shadow: 0 1em 2em -0.5em rgba(0, 0, 0, 0.35);\n      content: attr(tooltip);\n      text-align: center;\n      text-overflow: ellipsis;\n      white-space: nowrap;\n      bottom: calc(100% + 5px);\n  }\n\n#uc_stacked_icons_elementor_b9de9cd.uc-remote-parent .stacked-icon{\n  cursor:pointer;\n}\n\n\n@keyframes tooltip-animate {\n    to {\n        opacity: 0.9;\n        transform: translate(-50%, 0);\n    }\n}\n\n<\/style>\n\n<div class=\"image-stack-container  \" id=\"uc_stacked_icons_elementor_b9de9cd\"   role=\"list\">\n    <span class=\"stacked-icon elementor-repeater-item-bfcfd54\" id=\"uc_stacked_icons_elementor_b9de9cd_item1\" tooltip=\"Instagram\" role=\"listitem\" aria-label=\"Instagram\" tabindex=\"0\">\n    <i class='fab fa-instagram'><\/i>\n  <\/span>\n\n  <span class=\"stacked-icon elementor-repeater-item-9e101ca\" id=\"uc_stacked_icons_elementor_b9de9cd_item2\" tooltip=\"Facebook\" role=\"listitem\" aria-label=\"Facebook\" tabindex=\"0\">\n    <i class='fab fa-facebook'><\/i>\n  <\/span>\n\n  <span class=\"stacked-icon elementor-repeater-item-676a97c\" id=\"uc_stacked_icons_elementor_b9de9cd_item3\" tooltip=\"TikTok\" role=\"listitem\" aria-label=\"TikTok\" tabindex=\"0\">\n    <i class='fab fa-tiktok'><\/i>\n  <\/span>\n\n\n<\/div>\n<!-- end Stacked Icons -->\t\t\t\t<\/div>\n\t\t\t\t<\/div>\n\t\t\t\t<\/div>\n\t\t\t\t<\/div>\n\t\t\t\t\t<\/div>\n\t\t\t\t<\/div>\n\t\t\t\t<\/div>\n\t\t","protected":false},"excerpt":{"rendered":"<p>Florence Delacroix Glow, caf\u00e9ine et petites gal\u00e8res. FloFlo. Passionn\u00e9e par la beaut\u00e9 et le lifestyle, je partage astuces make-up, routines [&hellip;]<\/p>\n","protected":false},"author":1,"featured_media":0,"parent":0,"menu_order":0,"comment_status":"closed","ping_status":"closed","template":"","meta":{"_acf_changed":false,"site-sidebar-layout":"no-sidebar","site-content-layout":"","ast-site-content-layout":"full-width-container","site-content-style":"default","site-sidebar-style":"default","ast-global-header-display":"","ast-banner-title-visibility":"","ast-main-header-display":"","ast-hfb-above-header-display":"","ast-hfb-below-header-display":"","ast-hfb-mobile-header-display":"","site-post-title":"disabled","ast-breadcrumbs-content":"","ast-featured-img":"disabled","footer-sml-layout":"","ast-disable-related-posts":"","theme-transparent-header-meta":"","adv-header-id-meta":"","stick-header-meta":"","header-above-stick-meta":"","header-main-stick-meta":"","header-below-stick-meta":"","astra-migrate-meta-layouts":"default","ast-page-background-enabled":"default","ast-page-background-meta":{"desktop":{"background-color":"var(--ast-global-color-5)","background-image":"","background-repeat":"repeat","background-position":"center center","background-size":"auto","background-attachment":"scroll","background-type":"","background-media":"","overlay-type":"","overlay-color":"","overlay-opacity":"","overlay-gradient":""},"tablet":{"background-color":"","background-image":"","background-repeat":"repeat","background-position":"center center","background-size":"auto","background-attachment":"scroll","background-type":"","background-media":"","overlay-type":"","overlay-color":"","overlay-opacity":"","overlay-gradient":""},"mobile":{"background-color":"","background-image":"","background-repeat":"repeat","background-position":"center center","background-size":"auto","background-attachment":"scroll","background-type":"","background-media":"","overlay-type":"","overlay-color":"","overlay-opacity":"","overlay-gradient":""}},"ast-content-background-meta":{"desktop":{"background-color":"var(--ast-global-color-4)","background-image":"","background-repeat":"repeat","background-position":"center center","background-size":"auto","background-attachment":"scroll","background-type":"","background-media":"","overlay-type":"","overlay-color":"","overlay-opacity":"","overlay-gradient":""},"tablet":{"background-color":"var(--ast-global-color-4)","background-image":"","background-repeat":"repeat","background-position":"center center","background-size":"auto","background-attachment":"scroll","background-type":"","background-media":"","overlay-type":"","overlay-color":"","overlay-opacity":"","overlay-gradient":""},"mobile":{"background-color":"var(--ast-global-color-4)","background-image":"","background-repeat":"repeat","background-position":"center center","background-size":"auto","background-attachment":"scroll","background-type":"","background-media":"","overlay-type":"","overlay-color":"","overlay-opacity":"","overlay-gradient":""}},"footnotes":""},"class_list":["post-806","page","type-page","status-publish","hentry"],"acf":[],"_links":{"self":[{"href":"https:\/\/web58.tcparisnanterre.fr\/index.php\/wp-json\/wp\/v2\/pages\/806","targetHints":{"allow":["GET"]}}],"collection":[{"href":"https:\/\/web58.tcparisnanterre.fr\/index.php\/wp-json\/wp\/v2\/pages"}],"about":[{"href":"https:\/\/web58.tcparisnanterre.fr\/index.php\/wp-json\/wp\/v2\/types\/page"}],"author":[{"embeddable":true,"href":"https:\/\/web58.tcparisnanterre.fr\/index.php\/wp-json\/wp\/v2\/users\/1"}],"replies":[{"embeddable":true,"href":"https:\/\/web58.tcparisnanterre.fr\/index.php\/wp-json\/wp\/v2\/comments?post=806"}],"version-history":[{"count":31,"href":"https:\/\/web58.tcparisnanterre.fr\/index.php\/wp-json\/wp\/v2\/pages\/806\/revisions"}],"predecessor-version":[{"id":2002,"href":"https:\/\/web58.tcparisnanterre.fr\/index.php\/wp-json\/wp\/v2\/pages\/806\/revisions\/2002"}],"wp:attachment":[{"href":"https:\/\/web58.tcparisnanterre.fr\/index.php\/wp-json\/wp\/v2\/media?parent=806"}],"curies":[{"name":"wp","href":"https:\/\/api.w.org\/{rel}","templated":true}]}}