{"id":800,"date":"2025-12-31T19:50:12","date_gmt":"2025-12-31T19:50:12","guid":{"rendered":"https:\/\/web58.tcparisnanterre.fr\/?page_id=800"},"modified":"2026-01-08T01:00:17","modified_gmt":"2026-01-08T01:00:17","slug":"kader","status":"publish","type":"page","link":"https:\/\/web58.tcparisnanterre.fr\/index.php\/kader\/","title":{"rendered":"Kader"},"content":{"rendered":"\t\t<div data-elementor-type=\"wp-page\" data-elementor-id=\"800\" class=\"elementor elementor-800\" data-elementor-settings=\"{&quot;ha_cmc_init_switcher&quot;:&quot;no&quot;}\" data-elementor-post-type=\"page\">\n\t\t\t\t<div class=\"elementor-element elementor-element-5b8e062 e-flex e-con-boxed e-con e-parent\" data-id=\"5b8e062\" data-element_type=\"container\" data-settings=\"{&quot;background_background&quot;:&quot;classic&quot;,&quot;_ha_eqh_enable&quot;:false}\">\n\t\t\t\t\t<div class=\"e-con-inner\">\n\t\t<div class=\"elementor-element elementor-element-20028c2 e-con-full e-flex e-con e-child\" data-id=\"20028c2\" data-element_type=\"container\" data-settings=\"{&quot;_ha_eqh_enable&quot;:false}\">\n\t\t\t\t<div class=\"elementor-element elementor-element-89c6bf3 elementor-widget elementor-widget-heading\" data-id=\"89c6bf3\" data-element_type=\"widget\" data-widget_type=\"heading.default\">\n\t\t\t\t\t<h2 class=\"elementor-heading-title elementor-size-default\">K<b>ader Mamba<\/b><\/h2>\t\t\t\t<\/div>\n\t\t\t\t<div class=\"elementor-element elementor-element-16983c5 elementor-widget elementor-widget-ucaddon_uc_grid_image_theme\" data-id=\"16983c5\" data-element_type=\"widget\" data-widget_type=\"ucaddon_uc_grid_image_theme.default\">\n\t\t\t\t<div class=\"elementor-widget-container\">\n\t\t\t\t\t\n<!-- start Grid Gallery -->\n\t\t<link id='font-awesome-css' href='https:\/\/web58.tcparisnanterre.fr\/wp-content\/plugins\/unlimited-elements-for-elementor-premium\/assets_libraries\/font-awesome6\/fontawesome-all.min.css' type='text\/css' rel='stylesheet' >\n\t\t<link id='font-awesome-4-shim-css' href='https:\/\/web58.tcparisnanterre.fr\/wp-content\/plugins\/unlimited-elements-for-elementor-premium\/assets_libraries\/font-awesome6\/fontawesome-v4-shims.min.css' type='text\/css' rel='stylesheet' >\n\t\t<link id='unitegallery-css' href='https:\/\/web58.tcparisnanterre.fr\/wp-content\/plugins\/unlimited-elements-for-elementor-premium\/assets_libraries\/unitegallery\/css\/unite-gallery.css' type='text\/css' rel='stylesheet' >\n\t\t<link id='fancybox-css' href='https:\/\/web58.tcparisnanterre.fr\/wp-content\/plugins\/unlimited-elements-for-elementor-premium\/assets_libraries\/fancybox3\/jquery.fancybox.min.css' type='text\/css' rel='stylesheet' >\n\n<style>\/* widget: Grid Gallery *\/\n\n#uc_uc_grid_image_theme_elementor_16983c5-wrapper{\n  min-height: 1px;\n}\n\n#uc_uc_grid_image_theme_elementor_16983c5{ \n  margin:0 auto;\n  display: none;\n}\n\n.elementor-widget-ucaddon_uc_grid_image_theme{\n  width:100%;\n}\n\n\/* protections *\/\n#uc_uc_grid_image_theme_elementor_16983c5 .ug-zoompanel.ug-skin-default .ug-zoompanel-button:first-child{\n  margin-top: 0;\n}\n\/* end rotections *\/\n\/* fancybox *\/\n\/* endfancybox *\/\n\n<\/style>\n\n<div id=\"uc_uc_grid_image_theme_elementor_16983c5-wrapper\">\n  <div id=\"uc_uc_grid_image_theme_elementor_16983c5\" class=\"uc-items-wrapper  \"  data-remote-type=\"gallery\" data-custom-sethtml=\"true\" >\n    \n<img decoding=\"async\" alt=\"d6b3e7e9-ecfa-4a05-9b9c-3ce4fcde9d42\"\n   src=\"https:\/\/web58.tcparisnanterre.fr\/wp-content\/uploads\/2026\/01\/d6b3e7e9-ecfa-4a05-9b9c-3ce4fcde9d42-1-768x1024.jpeg\"\n    data-image=\"https:\/\/web58.tcparisnanterre.fr\/wp-content\/uploads\/2026\/01\/d6b3e7e9-ecfa-4a05-9b9c-3ce4fcde9d42-1-768x1024.jpeg\"\n    data-title=\"d6b3e7e9-ecfa-4a05-9b9c-3ce4fcde9d42\">\n\n<img decoding=\"async\" alt=\"IMG_8965 2\"\n   src=\"https:\/\/web58.tcparisnanterre.fr\/wp-content\/uploads\/2026\/01\/IMG_8965-2-768x1024.jpeg\"\n    data-image=\"https:\/\/web58.tcparisnanterre.fr\/wp-content\/uploads\/2026\/01\/IMG_8965-2-768x1024.jpeg\"\n    data-title=\"IMG_8965 2\">\n\n<img decoding=\"async\" alt=\"IMG_8954\"\n   src=\"https:\/\/web58.tcparisnanterre.fr\/wp-content\/uploads\/2026\/01\/IMG_8954-768x1024.jpeg\"\n    data-image=\"https:\/\/web58.tcparisnanterre.fr\/wp-content\/uploads\/2026\/01\/IMG_8954-768x1024.jpeg\"\n    data-title=\"IMG_8954\">\n\n<img decoding=\"async\" alt=\"61719ee0-70fc-4acb-8ef1-e596480b3809\"\n   src=\"https:\/\/web58.tcparisnanterre.fr\/wp-content\/uploads\/2026\/01\/61719ee0-70fc-4acb-8ef1-e596480b3809-1-768x1024.jpeg\"\n    data-image=\"https:\/\/web58.tcparisnanterre.fr\/wp-content\/uploads\/2026\/01\/61719ee0-70fc-4acb-8ef1-e596480b3809-1-768x1024.jpeg\"\n    data-title=\"61719ee0-70fc-4acb-8ef1-e596480b3809\">\n\n<img decoding=\"async\" alt=\"Screenshot\"\n   src=\"https:\/\/web58.tcparisnanterre.fr\/wp-content\/uploads\/2026\/01\/IMG_0614-1-768x1363.jpeg\"\n    data-image=\"https:\/\/web58.tcparisnanterre.fr\/wp-content\/uploads\/2026\/01\/IMG_0614-1-577x1024.jpeg\"\n    data-title=\"Screenshot\">\n\n<img decoding=\"async\" alt=\"84432a8b-9d72-47ab-8535-5805adb87f8a\"\n   src=\"https:\/\/web58.tcparisnanterre.fr\/wp-content\/uploads\/2026\/01\/84432a8b-9d72-47ab-8535-5805adb87f8a-1-768x1024.jpeg\"\n    data-image=\"https:\/\/web58.tcparisnanterre.fr\/wp-content\/uploads\/2026\/01\/84432a8b-9d72-47ab-8535-5805adb87f8a-1-768x1024.jpeg\"\n    data-title=\"84432a8b-9d72-47ab-8535-5805adb87f8a\">\n\n<img decoding=\"async\" alt=\"IMG_8962\"\n   src=\"https:\/\/web58.tcparisnanterre.fr\/wp-content\/uploads\/2026\/01\/IMG_8962-768x1024.jpeg\"\n    data-image=\"https:\/\/web58.tcparisnanterre.fr\/wp-content\/uploads\/2026\/01\/IMG_8962-768x1024.jpeg\"\n    data-title=\"IMG_8962\">\n\n<img decoding=\"async\" alt=\"IMG_8969\"\n   src=\"https:\/\/web58.tcparisnanterre.fr\/wp-content\/uploads\/2026\/01\/IMG_8969-768x1024.jpeg\"\n    data-image=\"https:\/\/web58.tcparisnanterre.fr\/wp-content\/uploads\/2026\/01\/IMG_8969-768x1024.jpeg\"\n    data-title=\"IMG_8969\">\n\n  <\/div>\n<\/div>\n<!-- end Grid Gallery -->\t\t\t\t<\/div>\n\t\t\t\t<\/div>\n\t\t<div class=\"elementor-element elementor-element-5210707 e-grid e-con-full e-con e-child\" data-id=\"5210707\" data-element_type=\"container\" data-settings=\"{&quot;_ha_eqh_enable&quot;:false}\">\n\t\t\t\t<div class=\"elementor-element elementor-element-b121ce7 elementor-widget elementor-widget-ucaddon_stacked_icons\" data-id=\"b121ce7\" data-element_type=\"widget\" data-widget_type=\"ucaddon_stacked_icons.default\">\n\t\t\t\t<div class=\"elementor-widget-container\">\n\t\t\t\t\t\n<!-- start Stacked Icons -->\n\n<style>\/* widget: Stacked Icons *\/\n\n#uc_stacked_icons_elementor_b121ce7.image-stack-container{\n\tdisplay: flex;\n}\n\n#uc_stacked_icons_elementor_b121ce7 .stacked-icon {\n    position: relative;\n    text-decoration: none;\n    line-height: 100%;\n    transition: all 0.3s ease;\n  \tdisplay: inline-flex;\n  \talign-items: center;\n  \tjustify-content: center;\n}\n\n#uc_stacked_icons_elementor_b121ce7 .stacked-icon i {\n    display: flex;\n    overflow: hidden;\n    justify-content: center;\n    transition: all 0.4s cubic-bezier(0.165, 0.84, 0.44, 1);\n    object-fit: cover;\n}\n\n#uc_stacked_icons_elementor_b121ce7 .stacked-icon img{\n    display: flex;\n    overflow: hidden;\n    justify-content: center;\n    transition: all 0.4s cubic-bezier(0.165, 0.84, 0.44, 1);\n  \tobject-fit: cover;\n}\n\n\n#uc_stacked_icons_elementor_b121ce7 [tooltip] {\n    position: relative;\n}\n\n#uc_stacked_icons_elementor_b121ce7 [tooltip]::after,\n#uc_stacked_icons_elementor_b121ce7 [tooltip]::before {\n    position: absolute;\n    display: none;\n    text-transform: none;\n    line-height: 1;\n    opacity: 0;\n    pointer-events: none;\n    user-select: none;\n}\n\n#uc_stacked_icons_elementor_b121ce7 [tooltip]:hover::after,\n#uc_stacked_icons_elementor_b121ce7 [tooltip]:hover::before,\n#uc_stacked_icons_elementor_b121ce7 [tooltip]:focus::after,\n#uc_stacked_icons_elementor_b121ce7 [tooltip]:focus::before{\n    display: block;\n}\n\n#uc_stacked_icons_elementor_b121ce7 [tooltip=\"\"]::after,\n#uc_stacked_icons_elementor_b121ce7 [tooltip=\"\"]::before {\n    display: none !important;\n}\n\n#uc_stacked_icons_elementor_b121ce7 [tooltip]::after,\n#uc_stacked_icons_elementor_b121ce7 [tooltip]::before {\n    left: 50%;\n    transform: translate(-50%, -0.5em);\n}\n\n#uc_stacked_icons_elementor_b121ce7 [tooltip]:hover::after,\n#uc_stacked_icons_elementor_b121ce7 [tooltip]:hover::before,\n#uc_stacked_icons_elementor_b121ce7 [tooltip]:focus::after,\n#uc_stacked_icons_elementor_b121ce7 [tooltip]:focus::before{\n    animation: tooltip-animate 300ms ease-out forwards;\n}\n\n\t#uc_stacked_icons_elementor_b121ce7 [tooltip]::before {\n        z-index: 1001;\n        border: 5px solid transparent;\n        content: \"\";\n        bottom: 101%;\n        border-bottom-width: 0;\n    }\n\n  #uc_stacked_icons_elementor_b121ce7 [tooltip]::after {\n      z-index: 1000;\n      overflow: hidden;\n      min-width: 3em;\n      max-width: 21em;\n      box-shadow: 0 1em 2em -0.5em rgba(0, 0, 0, 0.35);\n      content: attr(tooltip);\n      text-align: center;\n      text-overflow: ellipsis;\n      white-space: nowrap;\n      bottom: calc(100% + 5px);\n  }\n\n#uc_stacked_icons_elementor_b121ce7.uc-remote-parent .stacked-icon{\n  cursor:pointer;\n}\n\n\n@keyframes tooltip-animate {\n    to {\n        opacity: 0.9;\n        transform: translate(-50%, 0);\n    }\n}\n\n<\/style>\n\n<div class=\"image-stack-container  \" id=\"uc_stacked_icons_elementor_b121ce7\"   role=\"list\">\n    <span class=\"stacked-icon elementor-repeater-item-bfcfd54\" id=\"uc_stacked_icons_elementor_b121ce7_item1\" tooltip=\"Instagram\" role=\"listitem\" aria-label=\"Instagram\" tabindex=\"0\">\n    <i class='fab fa-instagram'><\/i>\n  <\/span>\n\n  <span class=\"stacked-icon elementor-repeater-item-9e101ca\" id=\"uc_stacked_icons_elementor_b121ce7_item2\" tooltip=\"Facebook\" role=\"listitem\" aria-label=\"Facebook\" tabindex=\"0\">\n    <i class='fab fa-facebook'><\/i>\n  <\/span>\n\n  <span class=\"stacked-icon elementor-repeater-item-676a97c\" id=\"uc_stacked_icons_elementor_b121ce7_item3\" tooltip=\"TikTok\" role=\"listitem\" aria-label=\"TikTok\" tabindex=\"0\">\n    <i class='fab fa-tiktok'><\/i>\n  <\/span>\n\n\n<\/div>\n<!-- end Stacked Icons -->\t\t\t\t<\/div>\n\t\t\t\t<\/div>\n\t\t\t\t<div class=\"elementor-element elementor-element-d225916 elementor-align-center elementor-widget__width-initial elementor-widget elementor-widget-button\" data-id=\"d225916\" data-element_type=\"widget\" data-widget_type=\"button.default\">\n\t\t\t\t\t\t\t\t\t\t<a class=\"elementor-button elementor-button-link elementor-size-sm\" href=\"https:\/\/web58.tcparisnanterre.fr\/wp-content\/uploads\/2026\/01\/Beige-Noir-Minimaliste-Elegant-Professionnel-Mode-CV.pdf\">\n\t\t\t\t\t\t<span class=\"elementor-button-content-wrapper\">\n\t\t\t\t\t\t\t\t\t<span class=\"elementor-button-text\">MON CV<\/span>\n\t\t\t\t\t<\/span>\n\t\t\t\t\t<\/a>\n\t\t\t\t\t\t\t\t<\/div>\n\t\t\t\t<\/div>\n\t\t\t\t<\/div>\n\t\t<div class=\"elementor-element elementor-element-74685e2 e-con-full e-flex e-con e-child\" data-id=\"74685e2\" data-element_type=\"container\" data-settings=\"{&quot;_ha_eqh_enable&quot;:false}\">\n\t\t\t\t<div class=\"elementor-element elementor-element-cb2b9ca elementor-widget elementor-widget-heading\" data-id=\"cb2b9ca\" data-element_type=\"widget\" data-widget_type=\"heading.default\">\n\t\t\t\t\t<h2 class=\"elementor-heading-title elementor-size-default\">\"La tendance n'a pas d'\u00e2ge : Je m'affirme, je suis fier, je suis Kader\"<\/h2>\t\t\t\t<\/div>\n\t\t\t\t<div class=\"elementor-element elementor-element-bbcffdd elementor-widget__width-initial elementor-widget elementor-widget-text-editor\" data-id=\"bbcffdd\" data-element_type=\"widget\" data-widget_type=\"text-editor.default\">\n\t\t\t\t\t\t\t\t\t<p><span class=\"a_GcMg font-feature-liga-off font-feature-clig-off font-feature-calt-off text-decoration-none text-strikethrough-none\">60 ans et aujourd\u2019hui l\u2019un des influenceurs mode senior les plus suivis de sa g\u00e9n\u00e9ration. Gr\u00e2ce \u00e0 son \u00e9l\u00e9gance naturelle, son sens du d\u00e9tail et sa vision <\/span><span class=\"a_GcMg font-feature-liga-off font-feature-clig-off font-feature-calt-off text-decoration-none text-strikethrough-none\">affirm\u00e9<\/span><span class=\"a_GcMg font-feature-liga-off font-feature-clig-off font-feature-calt-off text-decoration-none text-strikethrough-none\"> du stylisme masculin, il incarne une nouvelle mani\u00e8re d\u2019aborder la mode apr\u00e8s 50 ans.<\/span><\/p><p><span class=\"a_GcMg font-feature-liga-off font-feature-clig-off font-feature-calt-off text-decoration-none text-strikethrough-none\">En collaboration avec notre agence Palette Influence, il accompagne les marques qui souhaitent toucher une <\/span><span class=\"a_GcMg font-feature-liga-off font-feature-clig-off font-feature-calt-off text-decoration-none text-strikethrough-none\">audience mature, active, engag\u00e9e et en qu\u00eate d&#8217;inspiration mode <\/span><span class=\"a_GcMg font-feature-liga-off font-feature-clig-off font-feature-calt-off text-decoration-none text-strikethrough-none\">authentique.<\/span><\/p>\t\t\t\t\t\t\t\t<\/div>\n\t\t\t\t<div class=\"elementor-element elementor-element-9dee69f elementor-widget__width-inherit elementor-widget-divider--view-line elementor-widget elementor-widget-divider\" data-id=\"9dee69f\" data-element_type=\"widget\" data-widget_type=\"divider.default\">\n\t\t\t\t\t\t\t<div class=\"elementor-divider\">\n\t\t\t<span class=\"elementor-divider-separator\">\n\t\t\t\t\t\t<\/span>\n\t\t<\/div>\n\t\t\t\t\t\t<\/div>\n\t\t<div class=\"elementor-element elementor-element-c5e8da5 e-grid e-con-full e-con e-child\" data-id=\"c5e8da5\" data-element_type=\"container\" data-settings=\"{&quot;_ha_eqh_enable&quot;:false}\">\n\t\t<div class=\"elementor-element elementor-element-b347974 e-con-full e-flex e-con e-child\" data-id=\"b347974\" data-element_type=\"container\" data-settings=\"{&quot;_ha_eqh_enable&quot;:false}\">\n\t\t\t\t<div class=\"elementor-element elementor-element-fce42c2 elementor-widget elementor-widget-ucaddon_video_carousel\" data-id=\"fce42c2\" data-element_type=\"widget\" data-widget_type=\"ucaddon_video_carousel.default\">\n\t\t\t\t<div class=\"elementor-widget-container\">\n\t\t\t\t\t\n<!-- start Video Carousel -->\n\t\t<link id='owl-carousel-css' href='https:\/\/web58.tcparisnanterre.fr\/wp-content\/plugins\/unlimited-elements-for-elementor-premium\/assets_libraries\/owl-carousel-new\/assets\/owl.carousel.css' type='text\/css' rel='stylesheet' >\n\t\t<link id='lity-css' href='https:\/\/web58.tcparisnanterre.fr\/wp-content\/plugins\/unlimited-elements-for-elementor-premium\/assets_libraries\/lity\/lity.min.css' type='text\/css' rel='stylesheet' >\n\n<style>\/* widget: Video Carousel *\/\n\n#uc_video_carousel_elementor_fce42c2.ue-video-carousel{\n  min-height:1px;\n}\n\n#uc_video_carousel_elementor_fce42c2 *{\n  box-sizing:border-box;\n  outline:none;\n}\n#uc_video_carousel_elementor_fce42c2 .owl-item\n{\n    transition: all 0.3s ease-in-out;\n}\n\/* carousel type owl *\/\n  #uc_video_carousel_elementor_fce42c2 .owl-dots {\n    overflow:hidden;\n  }\n\n  #uc_video_carousel_elementor_fce42c2 .owl-dot {\n    display:inline-block;\n    padding: 0;\n  }\n\n  #uc_video_carousel_elementor_fce42c2 .owl-nav .owl-prev,\n  #uc_video_carousel_elementor_fce42c2 .owl-nav .owl-next{\n      position:absolute;\n      display:inline-block;\n      text-align:center;\n      padding: 0;\n      transform: translateY(-50%);\n  }\n\n  \n  \n\n\/* end carousel type owl *\/\n\n\n\/* Item CSS *\/\n#uc_video_carousel_elementor_fce42c2 .ue-item{\n  position: relative;\n  display: block;\n  overflow:hidden;\n  width:100%;\n}\n\n#uc_video_carousel_elementor_fce42c2 .ue-hover-image-video{\n  position: relative;\n  overflow:hidden;\n  background-size:cover;\n  background-position:center center;\n}\n\n#uc_video_carousel_elementor_fce42c2 .ue-image{\n  display: block;\n  width:100%;\n  position: relative;\n  z-index: 2;\n}\n#uc_video_carousel_elementor_fce42c2 .ue-video{\n  display: block;\n  object-fit: cover;\n  width:100%;\n  position: absolute;\n  top: 0;\n  left: 0;\n  z-index: 1;\n}\n\n\n\n\n\n\n#uc_video_carousel_elementor_fce42c2 .elementor-repeater-item-82af275 .ue-hover-image-video{\n  background:url(\"https:\/\/web58.tcparisnanterre.fr\/wp-content\/uploads\/2026\/01\/IMG_0617-768x1365.jpeg\");\n}\n#uc_video_carousel_elementor_fce42c2 .elementor-repeater-item-afe7fa3 .ue-hover-image-video{\n  background:url(\"https:\/\/web58.tcparisnanterre.fr\/wp-content\/uploads\/2026\/01\/IMG_0614-768x1363.jpeg\");\n}\n#uc_video_carousel_elementor_fce42c2 .elementor-repeater-item-b0ab278 .ue-hover-image-video{\n  background:url(\"https:\/\/web58.tcparisnanterre.fr\/wp-content\/uploads\/2026\/01\/IMG_0615-768x1363.jpeg\");\n}\n#uc_video_carousel_elementor_fce42c2 .elementor-repeater-item-c4123e8 .ue-hover-image-video{\n  background:url(\"https:\/\/web58.tcparisnanterre.fr\/wp-content\/uploads\/2026\/01\/IMG_0616-768x1365.jpeg\");\n}\n\n\n<\/style>\n\n\n\t<div id=\"uc_video_carousel_elementor_fce42c2\"\n         class=\"ue-video-carousel uc_carousel owl-carousel owl-theme uc-items-wrapper  \"\n                  data-autoplay-center=\"false\"\n         data-play-mode=\"click\"\n         data-play-sound=\"true\"\n         data-close-on-outside-click=\"false\"\n                  dir=\"ltr\" style=\"direction:ltr;\" style=\"direction:\"\n          \n         >\n            <div class=\"ue_vc_item ue-item   elementor-repeater-item-82af275\"\n               >\n    \n    <div id=\"uc_video_carousel_elementor_fce42c2_item1\" class=\"ue-hover-image-video\">\n      \n      <img fetchpriority=\"high\" decoding=\"async\" class=\"ue-image\" src=\"https:\/\/web58.tcparisnanterre.fr\/wp-content\/uploads\/2026\/01\/IMG_0617-768x1365.jpeg\" alt=\"Screenshot\" src=\"https:\/\/web58.tcparisnanterre.fr\/wp-content\/uploads\/2026\/01\/IMG_0617-768x1365.jpeg\" alt=\"Screenshot\" width=\"768\" height=\"1365\">      \n              <video class=\"ue-video\" preload=\"metadata\" muted playsinline loop>\n          <source src=\"https:\/\/web58.tcparisnanterre.fr\/wp-content\/uploads\/2026\/01\/IMG_0079-1.mov\" type=\"video\/mp4\" \/>\n        <\/video>\n      \n      \n            \n            \n    <\/div>\n  \n<\/div>\n<div class=\"ue_vc_item ue-item   elementor-repeater-item-afe7fa3\"\n               >\n    \n    <div id=\"uc_video_carousel_elementor_fce42c2_item2\" class=\"ue-hover-image-video\">\n      \n      <img decoding=\"async\" class=\"ue-image\" src=\"https:\/\/web58.tcparisnanterre.fr\/wp-content\/uploads\/2026\/01\/IMG_0614-768x1363.jpeg\" alt=\"Screenshot\" src=\"https:\/\/web58.tcparisnanterre.fr\/wp-content\/uploads\/2026\/01\/IMG_0614-768x1363.jpeg\" alt=\"Screenshot\" width=\"768\" height=\"1363\">      \n              <video class=\"ue-video\" preload=\"metadata\" muted playsinline loop>\n          <source src=\"https:\/\/web58.tcparisnanterre.fr\/wp-content\/uploads\/2026\/01\/IMG_8950.mp4\" type=\"video\/mp4\" \/>\n        <\/video>\n      \n      \n            \n            \n    <\/div>\n  \n<\/div>\n<div class=\"ue_vc_item ue-item   elementor-repeater-item-b0ab278\"\n               >\n    \n    <div id=\"uc_video_carousel_elementor_fce42c2_item3\" class=\"ue-hover-image-video\">\n      \n      <img decoding=\"async\" class=\"ue-image\" src=\"https:\/\/web58.tcparisnanterre.fr\/wp-content\/uploads\/2026\/01\/IMG_0615-768x1363.jpeg\" alt=\"Screenshot\" src=\"https:\/\/web58.tcparisnanterre.fr\/wp-content\/uploads\/2026\/01\/IMG_0615-768x1363.jpeg\" alt=\"Screenshot\" width=\"768\" height=\"1363\">      \n              <video class=\"ue-video\" preload=\"metadata\" muted playsinline loop>\n          <source src=\"https:\/\/web58.tcparisnanterre.fr\/wp-content\/uploads\/2026\/01\/IMG_2423.mov\" type=\"video\/mp4\" \/>\n        <\/video>\n      \n      \n            \n            \n    <\/div>\n  \n<\/div>\n<div class=\"ue_vc_item ue-item   elementor-repeater-item-c4123e8\"\n               >\n    \n    <div id=\"uc_video_carousel_elementor_fce42c2_item4\" class=\"ue-hover-image-video\">\n      \n      <img loading=\"lazy\" decoding=\"async\" class=\"ue-image\" src=\"https:\/\/web58.tcparisnanterre.fr\/wp-content\/uploads\/2026\/01\/IMG_0616-768x1365.jpeg\" alt=\"Screenshot\" src=\"https:\/\/web58.tcparisnanterre.fr\/wp-content\/uploads\/2026\/01\/IMG_0616-768x1365.jpeg\" alt=\"Screenshot\" width=\"768\" height=\"1365\">      \n              <video class=\"ue-video\" preload=\"metadata\" muted playsinline loop>\n          <source src=\"https:\/\/web58.tcparisnanterre.fr\/wp-content\/uploads\/2026\/01\/4c99d45281db482b885295e0a50c6fc4-1.mov\" type=\"video\/mp4\" \/>\n        <\/video>\n      \n      \n            \n            \n    <\/div>\n  \n<\/div>\n\n    <\/div>\t\n\n\n<!-- end Video Carousel -->\t\t\t\t<\/div>\n\t\t\t\t<\/div>\n\t\t\t\t<\/div>\n\t\t\t\t<\/div>\n\t\t\t\t<\/div>\n\t\t\t\t\t<\/div>\n\t\t\t\t<\/div>\n\t\t\t\t<\/div>\n\t\t","protected":false},"excerpt":{"rendered":"<p>Kader Mamba MON CV &#8220;La tendance n&#8217;a pas d&#8217;\u00e2ge : Je m&#8217;affirme, je suis fier, je suis Kader&#8221; 60 ans [&hellip;]<\/p>\n","protected":false},"author":1,"featured_media":0,"parent":0,"menu_order":0,"comment_status":"closed","ping_status":"closed","template":"","meta":{"_acf_changed":false,"site-sidebar-layout":"no-sidebar","site-content-layout":"","ast-site-content-layout":"full-width-container","site-content-style":"default","site-sidebar-style":"default","ast-global-header-display":"","ast-banner-title-visibility":"","ast-main-header-display":"","ast-hfb-above-header-display":"","ast-hfb-below-header-display":"","ast-hfb-mobile-header-display":"","site-post-title":"disabled","ast-breadcrumbs-content":"","ast-featured-img":"disabled","footer-sml-layout":"","ast-disable-related-posts":"","theme-transparent-header-meta":"","adv-header-id-meta":"","stick-header-meta":"","header-above-stick-meta":"","header-main-stick-meta":"","header-below-stick-meta":"","astra-migrate-meta-layouts":"default","ast-page-background-enabled":"default","ast-page-background-meta":{"desktop":{"background-color":"var(--ast-global-color-5)","background-image":"","background-repeat":"repeat","background-position":"center center","background-size":"auto","background-attachment":"scroll","background-type":"","background-media":"","overlay-type":"","overlay-color":"","overlay-opacity":"","overlay-gradient":""},"tablet":{"background-color":"","background-image":"","background-repeat":"repeat","background-position":"center center","background-size":"auto","background-attachment":"scroll","background-type":"","background-media":"","overlay-type":"","overlay-color":"","overlay-opacity":"","overlay-gradient":""},"mobile":{"background-color":"","background-image":"","background-repeat":"repeat","background-position":"center center","background-size":"auto","background-attachment":"scroll","background-type":"","background-media":"","overlay-type":"","overlay-color":"","overlay-opacity":"","overlay-gradient":""}},"ast-content-background-meta":{"desktop":{"background-color":"var(--ast-global-color-4)","background-image":"","background-repeat":"repeat","background-position":"center center","background-size":"auto","background-attachment":"scroll","background-type":"","background-media":"","overlay-type":"","overlay-color":"","overlay-opacity":"","overlay-gradient":""},"tablet":{"background-color":"var(--ast-global-color-4)","background-image":"","background-repeat":"repeat","background-position":"center center","background-size":"auto","background-attachment":"scroll","background-type":"","background-media":"","overlay-type":"","overlay-color":"","overlay-opacity":"","overlay-gradient":""},"mobile":{"background-color":"var(--ast-global-color-4)","background-image":"","background-repeat":"repeat","background-position":"center center","background-size":"auto","background-attachment":"scroll","background-type":"","background-media":"","overlay-type":"","overlay-color":"","overlay-opacity":"","overlay-gradient":""}},"footnotes":""},"class_list":["post-800","page","type-page","status-publish","hentry"],"acf":[],"_links":{"self":[{"href":"https:\/\/web58.tcparisnanterre.fr\/index.php\/wp-json\/wp\/v2\/pages\/800","targetHints":{"allow":["GET"]}}],"collection":[{"href":"https:\/\/web58.tcparisnanterre.fr\/index.php\/wp-json\/wp\/v2\/pages"}],"about":[{"href":"https:\/\/web58.tcparisnanterre.fr\/index.php\/wp-json\/wp\/v2\/types\/page"}],"author":[{"embeddable":true,"href":"https:\/\/web58.tcparisnanterre.fr\/index.php\/wp-json\/wp\/v2\/users\/1"}],"replies":[{"embeddable":true,"href":"https:\/\/web58.tcparisnanterre.fr\/index.php\/wp-json\/wp\/v2\/comments?post=800"}],"version-history":[{"count":124,"href":"https:\/\/web58.tcparisnanterre.fr\/index.php\/wp-json\/wp\/v2\/pages\/800\/revisions"}],"predecessor-version":[{"id":1999,"href":"https:\/\/web58.tcparisnanterre.fr\/index.php\/wp-json\/wp\/v2\/pages\/800\/revisions\/1999"}],"wp:attachment":[{"href":"https:\/\/web58.tcparisnanterre.fr\/index.php\/wp-json\/wp\/v2\/media?parent=800"}],"curies":[{"name":"wp","href":"https:\/\/api.w.org\/{rel}","templated":true}]}}